{"id":1002,"date":"2025-05-22T06:43:48","date_gmt":"2025-05-22T06:43:48","guid":{"rendered":"https:\/\/bgstaem.edu.vn\/?page_id=1002"},"modified":"2025-05-22T08:46:55","modified_gmt":"2025-05-22T08:46:55","slug":"world-robot-contest-2025-wrc","status":"publish","type":"page","link":"https:\/\/bgsteam.edu.vn\/?page_id=1002","title":{"rendered":"World Robot Contest 2025 (WRC)"},"content":{"rendered":"\t<section class=\"section\" id=\"section_330245936\">\n\t\t<div class=\"bg section-bg fill bg-fill  bg-loaded\" >\n\n\t\t\t\n\t\t\t\n\t\t\t\n\n\t\t<\/div>\n\n\t\t\n\n\t\t<div class=\"section-content relative\">\n\t\t\t\n<div class=\"row\"  id=\"row-1241944563\">\n\n\t<div id=\"col-96311483\" class=\"col small-12 large-12\"  >\n\t\t\t\t<div class=\"col-inner\"  >\n\t\t\t\n\t\t\t\n<div class=\"container section-title-container\" ><h2 class=\"section-title section-title-center\"><b><\/b><span class=\"section-title-main\" style=\"color:rgb(0, 73, 163);\">WRC VI\u1ec6T NAM 2025<\/span><b><\/b><\/h2><\/div>\n<div class=\"row\"  id=\"row-784311693\">\n\n\t<div id=\"col-940996737\" class=\"col small-12 large-12\"  >\n\t\t\t\t<div class=\"col-inner\"  >\n\t\t\t\n\t\t\t\n\n\t\t<div class=\"tabbed-content\">\n\t\t\t\n\t\t\t<ul class=\"nav nav-outline nav-normal nav-size-xlarge nav-center active-on-hover\" role=\"tablist\"><li id=\"tab-gi\u1edbi-thi\u1ec7u\" class=\"tab active has-icon\" role=\"presentation\"><a href=\"#tab_gi\u1edbi-thi\u1ec7u\" role=\"tab\" aria-selected=\"true\" aria-controls=\"tab_gi\u1edbi-thi\u1ec7u\"><span>Gi\u1edbi thi\u1ec7u<\/span><\/a><\/li>\n<li id=\"tab-t\u00e0i-li\u1ec7u\" class=\"tab has-icon\" role=\"presentation\"><a href=\"#tab_t\u00e0i-li\u1ec7u\" tabindex=\"-1\" role=\"tab\" aria-selected=\"false\" aria-controls=\"tab_t\u00e0i-li\u1ec7u\"><span>T\u00e0i li\u1ec7u<\/span><\/a><\/li>\n<li id=\"tab-h\u00e0nh-tr\u00ecnh-robotics\" class=\"tab has-icon\" role=\"presentation\"><a href=\"#tab_h\u00e0nh-tr\u00ecnh-robotics\" tabindex=\"-1\" role=\"tab\" aria-selected=\"false\" aria-controls=\"tab_h\u00e0nh-tr\u00ecnh-robotics\"><span>H\u00e0nh tr\u00ecnh ROBOTICS<\/span><\/a><\/li><\/ul><div class=\"tab-panels\"><div id=\"tab_gi\u1edbi-thi\u1ec7u\" class=\"panel active entry-content\" role=\"tabpanel\" aria-labelledby=\"tab-gi\u1edbi-thi\u1ec7u\">\n\t<div class=\"img has-hover x md-x lg-x y md-y lg-y\" id=\"image_1998340536\">\n\t\t\t\t\t\t\t\t<div class=\"img-inner dark\" >\n\t\t\t<img loading=\"lazy\" decoding=\"async\" width=\"1020\" height=\"564\" src=\"https:\/\/bgsteam.edu.vn\/wp-content\/uploads\/2025\/05\/1.jpg\" class=\"attachment-large size-large\" alt=\"\" srcset=\"https:\/\/bgsteam.edu.vn\/wp-content\/uploads\/2025\/05\/1.jpg 1119w, https:\/\/bgsteam.edu.vn\/wp-content\/uploads\/2025\/05\/1-723x400.jpg 723w, https:\/\/bgsteam.edu.vn\/wp-content\/uploads\/2025\/05\/1-768x425.jpg 768w, https:\/\/bgsteam.edu.vn\/wp-content\/uploads\/2025\/05\/1-600x332.jpg 600w\" sizes=\"auto, (max-width: 1020px) 100vw, 1020px\" \/>\t\t\t\t\t\t\n\t\t\t\t\t<\/div>\n\t\t\t\t\t\t\t\t\n<style>\n#image_1998340536 {\n  width: 100%;\n}\n<\/style>\n\t<\/div>\n\t\n\t<div class=\"img has-hover x md-x lg-x y md-y lg-y\" id=\"image_640314848\">\n\t\t\t\t\t\t\t\t<div class=\"img-inner dark\" >\n\t\t\t<img loading=\"lazy\" decoding=\"async\" width=\"1020\" height=\"556\" src=\"https:\/\/bgsteam.edu.vn\/wp-content\/uploads\/2025\/05\/2.jpg\" class=\"attachment-large size-large\" alt=\"\" srcset=\"https:\/\/bgsteam.edu.vn\/wp-content\/uploads\/2025\/05\/2.jpg 1117w, https:\/\/bgsteam.edu.vn\/wp-content\/uploads\/2025\/05\/2-734x400.jpg 734w, https:\/\/bgsteam.edu.vn\/wp-content\/uploads\/2025\/05\/2-768x419.jpg 768w, https:\/\/bgsteam.edu.vn\/wp-content\/uploads\/2025\/05\/2-600x327.jpg 600w\" sizes=\"auto, (max-width: 1020px) 100vw, 1020px\" \/>\t\t\t\t\t\t\n\t\t\t\t\t<\/div>\n\t\t\t\t\t\t\t\t\n<style>\n#image_640314848 {\n  width: 100%;\n}\n<\/style>\n\t<\/div>\n\t\n\t<div class=\"img has-hover x md-x lg-x y md-y lg-y\" id=\"image_658453767\">\n\t\t\t\t\t\t\t\t<div class=\"img-inner dark\" >\n\t\t\t<img loading=\"lazy\" decoding=\"async\" width=\"1020\" height=\"571\" src=\"https:\/\/bgsteam.edu.vn\/wp-content\/uploads\/2025\/05\/4.jpg\" class=\"attachment-large size-large\" alt=\"\" srcset=\"https:\/\/bgsteam.edu.vn\/wp-content\/uploads\/2025\/05\/4.jpg 1117w, https:\/\/bgsteam.edu.vn\/wp-content\/uploads\/2025\/05\/4-715x400.jpg 715w, https:\/\/bgsteam.edu.vn\/wp-content\/uploads\/2025\/05\/4-768x430.jpg 768w, https:\/\/bgsteam.edu.vn\/wp-content\/uploads\/2025\/05\/4-600x336.jpg 600w\" sizes=\"auto, (max-width: 1020px) 100vw, 1020px\" \/>\t\t\t\t\t\t\n\t\t\t\t\t<\/div>\n\t\t\t\t\t\t\t\t\n<style>\n#image_658453767 {\n  width: 100%;\n}\n<\/style>\n\t<\/div>\n\t\n<div class=\"row\"  id=\"row-1676321132\">\n\n\t<div id=\"col-920962262\" class=\"col small-12 large-12\"  >\n\t\t\t\t<div class=\"col-inner\"  >\n\t\t\t\n\t\t\t\n<div class=\"container section-title-container\" ><h2 class=\"section-title section-title-center\"><b><\/b><span class=\"section-title-main\" style=\"color:rgb(0, 73, 163);\">video sa b\u00e0n thi \u0111\u1ea5u<\/span><b><\/b><\/h2><\/div>\n<div class=\"row\"  id=\"row-463675285\">\n\n\t<div id=\"col-1101672384\" class=\"col medium-6 small-12 large-6\"  >\n\t\t\t\t<div class=\"col-inner\"  >\n\t\t\t\n\t\t\t\n<div class=\"video video-fit mb\" style=\"padding-top:56.25%;\"><p><iframe loading=\"lazy\" title=\"2025 Super Al Super Track Competition Elementary Mission Demonstration\" width=\"1020\" height=\"574\" src=\"https:\/\/www.youtube.com\/embed\/9Q2ZW7eova8?feature=oembed\" frameborder=\"0\" allow=\"accelerometer; autoplay; clipboard-write; encrypted-media; gyroscope; picture-in-picture; web-share\" referrerpolicy=\"strict-origin-when-cross-origin\" allowfullscreen><\/iframe><\/p>\n<\/div>\n\t\t<\/div>\n\t\t\t\t\t<\/div>\n\n\t\n\n\t<div id=\"col-649325378\" class=\"col medium-6 small-12 large-6\"  >\n\t\t\t\t<div class=\"col-inner\"  >\n\t\t\t\n\t\t\t\n<div class=\"video video-fit mb\" style=\"padding-top:56.25%;\"><p><iframe loading=\"lazy\" title=\"2025 Super Al Super Track Competition Advanced Mission Demonstration\" width=\"1020\" height=\"574\" src=\"https:\/\/www.youtube.com\/embed\/LuA-qLEj5Qk?feature=oembed\" frameborder=\"0\" allow=\"accelerometer; autoplay; clipboard-write; encrypted-media; gyroscope; picture-in-picture; web-share\" referrerpolicy=\"strict-origin-when-cross-origin\" allowfullscreen><\/iframe><\/p>\n<\/div>\n\t\t<\/div>\n\t\t\t\t\t<\/div>\n\n\t\n<\/div>\n\t\t<\/div>\n\t\t\t\t\t<\/div>\n\n\t\n<\/div>\n\t<div class=\"img has-hover x md-x lg-x y md-y lg-y\" id=\"image_38422817\">\n\t\t\t\t\t\t\t\t<div class=\"img-inner dark\" >\n\t\t\t<img loading=\"lazy\" decoding=\"async\" width=\"1020\" height=\"573\" src=\"https:\/\/bgsteam.edu.vn\/wp-content\/uploads\/2025\/05\/6.jpg\" class=\"attachment-large size-large\" alt=\"\" srcset=\"https:\/\/bgsteam.edu.vn\/wp-content\/uploads\/2025\/05\/6.jpg 1105w, https:\/\/bgsteam.edu.vn\/wp-content\/uploads\/2025\/05\/6-712x400.jpg 712w, https:\/\/bgsteam.edu.vn\/wp-content\/uploads\/2025\/05\/6-768x432.jpg 768w, https:\/\/bgsteam.edu.vn\/wp-content\/uploads\/2025\/05\/6-600x337.jpg 600w\" sizes=\"auto, (max-width: 1020px) 100vw, 1020px\" \/>\t\t\t\t\t\t\n\t\t\t\t\t<\/div>\n\t\t\t\t\t\t\t\t\n<style>\n#image_38422817 {\n  width: 100%;\n}\n<\/style>\n\t<\/div>\n\t\n\t<div class=\"img has-hover x md-x lg-x y md-y lg-y\" id=\"image_693628433\">\n\t\t\t\t\t\t\t\t<div class=\"img-inner dark\" >\n\t\t\t<img loading=\"lazy\" decoding=\"async\" width=\"1020\" height=\"572\" src=\"https:\/\/bgsteam.edu.vn\/wp-content\/uploads\/2025\/05\/7.jpg\" class=\"attachment-large size-large\" alt=\"\" srcset=\"https:\/\/bgsteam.edu.vn\/wp-content\/uploads\/2025\/05\/7.jpg 1108w, https:\/\/bgsteam.edu.vn\/wp-content\/uploads\/2025\/05\/7-714x400.jpg 714w, https:\/\/bgsteam.edu.vn\/wp-content\/uploads\/2025\/05\/7-768x430.jpg 768w, https:\/\/bgsteam.edu.vn\/wp-content\/uploads\/2025\/05\/7-600x336.jpg 600w\" sizes=\"auto, (max-width: 1020px) 100vw, 1020px\" \/>\t\t\t\t\t\t\n\t\t\t\t\t<\/div>\n\t\t\t\t\t\t\t\t\n<style>\n#image_693628433 {\n  width: 100%;\n}\n<\/style>\n\t<\/div>\n\t\n\t<div class=\"img has-hover x md-x lg-x y md-y lg-y\" id=\"image_578986262\">\n\t\t\t\t\t\t\t\t<div class=\"img-inner dark\" >\n\t\t\t<img loading=\"lazy\" decoding=\"async\" width=\"1020\" height=\"560\" src=\"https:\/\/bgsteam.edu.vn\/wp-content\/uploads\/2025\/05\/8.jpg\" class=\"attachment-large size-large\" alt=\"\" srcset=\"https:\/\/bgsteam.edu.vn\/wp-content\/uploads\/2025\/05\/8.jpg 1116w, https:\/\/bgsteam.edu.vn\/wp-content\/uploads\/2025\/05\/8-728x400.jpg 728w, https:\/\/bgsteam.edu.vn\/wp-content\/uploads\/2025\/05\/8-768x422.jpg 768w, https:\/\/bgsteam.edu.vn\/wp-content\/uploads\/2025\/05\/8-600x330.jpg 600w\" sizes=\"auto, (max-width: 1020px) 100vw, 1020px\" \/>\t\t\t\t\t\t\n\t\t\t\t\t<\/div>\n\t\t\t\t\t\t\t\t\n<style>\n#image_578986262 {\n  width: 100%;\n}\n<\/style>\n\t<\/div>\n\t\n<div class=\"row\"  id=\"row-487050759\">\n\n\t<div id=\"col-1303605647\" class=\"col small-12 large-12\"  >\n\t\t\t\t<div class=\"col-inner\"  >\n\t\t\t\n\t\t\t\n\t<div class=\"box has-hover   has-hover box-text-bottom\" >\n\n\t\t<div class=\"box-image\" style=\"width:21%;\">\n\t\t\t<a href=\"https:\/\/forms.gle\/c6qLEBiqLgncTMTv7\" >\t\t\t<div class=\"\" >\n\t\t\t\t<img loading=\"lazy\" decoding=\"async\" width=\"748\" height=\"218\" src=\"https:\/\/bgsteam.edu.vn\/wp-content\/uploads\/2025\/05\/btn1.529791e1f5fe88e6f81d.png\" class=\"attachment- size-\" alt=\"\" srcset=\"https:\/\/bgsteam.edu.vn\/wp-content\/uploads\/2025\/05\/btn1.529791e1f5fe88e6f81d.png 748w, https:\/\/bgsteam.edu.vn\/wp-content\/uploads\/2025\/05\/btn1.529791e1f5fe88e6f81d-600x175.png 600w\" sizes=\"auto, (max-width: 748px) 100vw, 748px\" \/>\t\t\t\t\t\t\t\t\t\t\t<\/div>\n\t\t\t<\/a>\t\t<\/div>\n\n\t\t<div class=\"box-text text-center\" >\n\t\t\t<div class=\"box-text-inner\">\n\t\t\t\t\n\t<div id=\"text-1709647461\" class=\"text\">\n\t\t\n<p style=\"text-align: center;\"><span style=\"color: #3366ff; font-size: 120%;\"><strong><span style=\"font-family: tahoma, arial, helvetica, sans-serif;\">\u0110\u0102NG K\u00dd THI WORLD ROBOT CONTEST VI\u1ec6T NAM<\/span><\/strong><\/span><\/p>\n\t\t\n<style>\n#text-1709647461 {\n  text-align: center;\n}\n<\/style>\n\t<\/div>\n\t\n\t\t\t<\/div>\n\t\t<\/div>\n\t<\/div>\n\t\n<div class=\"row\"  id=\"row-934801321\">\n\n\t<div id=\"col-482242462\" class=\"col small-12 large-12\"  >\n\t\t\t\t<div class=\"col-inner\"  >\n\t\t\t\n\t\t\t\n\t<div class=\"img has-hover x md-x lg-x y md-y lg-y\" id=\"image_663508254\">\n\t\t\t\t\t\t\t\t<div class=\"img-inner dark\" >\n\t\t\t<img loading=\"lazy\" decoding=\"async\" width=\"1020\" height=\"568\" src=\"https:\/\/bgsteam.edu.vn\/wp-content\/uploads\/2025\/05\/9.jpg\" class=\"attachment-large size-large\" alt=\"\" srcset=\"https:\/\/bgsteam.edu.vn\/wp-content\/uploads\/2025\/05\/9.jpg 1111w, https:\/\/bgsteam.edu.vn\/wp-content\/uploads\/2025\/05\/9-718x400.jpg 718w, https:\/\/bgsteam.edu.vn\/wp-content\/uploads\/2025\/05\/9-768x428.jpg 768w, https:\/\/bgsteam.edu.vn\/wp-content\/uploads\/2025\/05\/9-600x334.jpg 600w\" sizes=\"auto, (max-width: 1020px) 100vw, 1020px\" \/>\t\t\t\t\t\t\n\t\t\t\t\t<\/div>\n\t\t\t\t\t\t\t\t\n<style>\n#image_663508254 {\n  width: 100%;\n}\n<\/style>\n\t<\/div>\n\t\n\t\t<\/div>\n\t\t\t\t\t<\/div>\n\n\t\n<\/div>\n\t\t<\/div>\n\t\t\t\t\t<\/div>\n\n\t\n<\/div>\n<\/div>\n<div id=\"tab_t\u00e0i-li\u1ec7u\" class=\"panel entry-content\" role=\"tabpanel\" aria-labelledby=\"tab-t\u00e0i-li\u1ec7u\">\n<h2 class=\"text-3xl font-bold text-center mb-4\" style=\"text-align: center;\"><span style=\"color: #ed1c24; font-family: tahoma, arial, helvetica, sans-serif;\">T\u00e0i li\u1ec7u Cu\u1ed9c thi<\/span><\/h2>\n<table style=\"border-collapse: collapse; width: 100%;\">\n<tbody>\n<tr>\n<td style=\"width: 100%;\"><span style=\"font-family: tahoma, arial, helvetica, sans-serif; font-size: 130%; color: #ff6600;\"><a style=\"color: #ff6600;\" href=\"http:\/\/bgstaem.edu.vn\/wp-content\/uploads\/2025\/05\/WRC-VN-2025-Ke-hoach.pdf\">\u00bb WRC VN 2025 Ke\u0302\u0301 hoa\u0323ch<\/a><\/span><\/td>\n<\/tr>\n<tr>\n<td style=\"width: 100%;\"><span style=\"font-family: tahoma, arial, helvetica, sans-serif; font-size: 130%; color: #ff6600;\"><a style=\"color: #ff6600;\" href=\"http:\/\/bgstaem.edu.vn\/wp-content\/uploads\/2025\/05\/WRC-VN-2025_The-le.pdf\">\u00bb WRC VN 2025 The\u0302\u0309 le\u0323\u0302 cu\u1ed9c thi<\/a><\/span><\/td>\n<\/tr>\n<tr>\n<td style=\"width: 100%;\"><span style=\"font-family: tahoma, arial, helvetica, sans-serif; font-size: 130%; color: #ff6600;\"><a style=\"color: #ff6600;\" href=\"http:\/\/bgstaem.edu.vn\/wp-content\/uploads\/2025\/05\/Thong-bao-to-chuc-cuoc-thi-WRC-VN-2025.pdf\">\u00bb Tho\u0302ng ba\u0301o to\u0302\u0309 chu\u031b\u0301c cuo\u0323\u0302c thi WRC VN 2025<\/a><\/span><\/td>\n<\/tr>\n<\/tbody>\n<\/table>\n<p>\u00a0<\/p>\n<\/div>\n<div id=\"tab_h\u00e0nh-tr\u00ecnh-robotics\" class=\"panel entry-content\" role=\"tabpanel\" aria-labelledby=\"tab-h\u00e0nh-tr\u00ecnh-robotics\">\n<p><a href=\"http:\/\/bgstaem.edu.vn\/wp-content\/uploads\/2025\/05\/WRC2025.Note_.pdf\"><img loading=\"lazy\" decoding=\"async\" class=\"alignnone size-full wp-image-1046\" src=\"http:\/\/bgstaem.edu.vn\/wp-content\/uploads\/2025\/05\/robot-3.png\" alt=\"\" width=\"24\" height=\"24\" \/>\u00a0\u00a0<span style=\"font-size: 160%; color: #ff6600;\"><em><span style=\"font-family: tahoma, arial, helvetica, sans-serif;\">H\u00c0NH TR\u00ccNH CHINH PH\u1ee4C ROBOTICS <\/span><\/em><\/span><\/a><\/p>\n<\/div><\/div><\/div>\n\t\t<\/div>\n\t\t\t\t\t<\/div>\n\n\t\n<\/div>\n\t\t<\/div>\n\t\t\t\t\t<\/div>\n\n\t\n<\/div>\n\t\t<\/div>\n\n\t\t\n<style>\n#section_330245936 {\n  padding-top: 30px;\n  padding-bottom: 30px;\n}\n<\/style>\n\t<\/section>\n\t\n","protected":false},"excerpt":{"rendered":"","protected":false},"author":1,"featured_media":0,"parent":0,"menu_order":0,"comment_status":"closed","ping_status":"closed","template":"","meta":{"footnotes":""},"class_list":["post-1002","page","type-page","status-publish","hentry"],"yoast_head":"<!-- This site is optimized with the Yoast SEO plugin v25.0 - https:\/\/yoast.com\/wordpress\/plugins\/seo\/ -->\n<title>World Robot Contest 2025 (WRC) - C\u00f4ng ty TNHH ph\u00e1t tri\u1ec3n c\u00f4ng ngh\u1ec7 gi\u00e1o d\u1ee5c BG STEAM<\/title>\n<meta name=\"robots\" content=\"index, follow, max-snippet:-1, max-image-preview:large, max-video-preview:-1\" \/>\n<link rel=\"canonical\" href=\"https:\/\/bgsteam.edu.vn\/?page_id=1002\" \/>\n<meta property=\"og:locale\" content=\"vi_VN\" \/>\n<meta property=\"og:type\" content=\"article\" \/>\n<meta property=\"og:title\" content=\"World Robot Contest 2025 (WRC) - C\u00f4ng ty TNHH ph\u00e1t tri\u1ec3n c\u00f4ng ngh\u1ec7 gi\u00e1o d\u1ee5c BG STEAM\" \/>\n<meta property=\"og:url\" content=\"https:\/\/bgsteam.edu.vn\/?page_id=1002\" \/>\n<meta property=\"og:site_name\" content=\"C\u00f4ng ty TNHH ph\u00e1t tri\u1ec3n c\u00f4ng ngh\u1ec7 gi\u00e1o d\u1ee5c BG STEAM\" \/>\n<meta property=\"article:publisher\" content=\"https:\/\/www.facebook.com\/HeSinhThaiGiaoDucBGSTEAM\" \/>\n<meta property=\"article:modified_time\" content=\"2025-05-22T08:46:55+00:00\" \/>\n<meta property=\"og:image\" content=\"http:\/\/bgstaem.edu.vn\/wp-content\/uploads\/2025\/05\/robot-3.png\" \/>\n<meta name=\"twitter:card\" content=\"summary_large_image\" \/>\n<script type=\"application\/ld+json\" class=\"yoast-schema-graph\">{\"@context\":\"https:\/\/schema.org\",\"@graph\":[{\"@type\":\"WebPage\",\"@id\":\"https:\/\/bgsteam.edu.vn\/?page_id=1002\",\"url\":\"https:\/\/bgsteam.edu.vn\/?page_id=1002\",\"name\":\"World Robot Contest 2025 (WRC) - C\u00f4ng ty TNHH ph\u00e1t tri\u1ec3n c\u00f4ng ngh\u1ec7 gi\u00e1o d\u1ee5c BG STEAM\",\"isPartOf\":{\"@id\":\"https:\/\/bgsteam.edu.vn\/#website\"},\"primaryImageOfPage\":{\"@id\":\"https:\/\/bgsteam.edu.vn\/?page_id=1002#primaryimage\"},\"image\":{\"@id\":\"https:\/\/bgsteam.edu.vn\/?page_id=1002#primaryimage\"},\"thumbnailUrl\":\"http:\/\/bgstaem.edu.vn\/wp-content\/uploads\/2025\/05\/robot-3.png\",\"datePublished\":\"2025-05-22T06:43:48+00:00\",\"dateModified\":\"2025-05-22T08:46:55+00:00\",\"breadcrumb\":{\"@id\":\"https:\/\/bgsteam.edu.vn\/?page_id=1002#breadcrumb\"},\"inLanguage\":\"vi\",\"potentialAction\":[{\"@type\":\"ReadAction\",\"target\":[\"https:\/\/bgsteam.edu.vn\/?page_id=1002\"]}]},{\"@type\":\"ImageObject\",\"inLanguage\":\"vi\",\"@id\":\"https:\/\/bgsteam.edu.vn\/?page_id=1002#primaryimage\",\"url\":\"http:\/\/bgstaem.edu.vn\/wp-content\/uploads\/2025\/05\/robot-3.png\",\"contentUrl\":\"http:\/\/bgstaem.edu.vn\/wp-content\/uploads\/2025\/05\/robot-3.png\"},{\"@type\":\"BreadcrumbList\",\"@id\":\"https:\/\/bgsteam.edu.vn\/?page_id=1002#breadcrumb\",\"itemListElement\":[{\"@type\":\"ListItem\",\"position\":1,\"name\":\"Trang ch\u1ee7\",\"item\":\"https:\/\/bgsteam.edu.vn\/\"},{\"@type\":\"ListItem\",\"position\":2,\"name\":\"World Robot Contest 2025 (WRC)\"}]},{\"@type\":\"WebSite\",\"@id\":\"https:\/\/bgsteam.edu.vn\/#website\",\"url\":\"https:\/\/bgsteam.edu.vn\/\",\"name\":\"C\u00f4ng ty TNHH ph\u00e1t tri\u1ec3n c\u00f4ng ngh\u1ec7 gi\u00e1o d\u1ee5c BG STEAM\",\"description\":\"\",\"potentialAction\":[{\"@type\":\"SearchAction\",\"target\":{\"@type\":\"EntryPoint\",\"urlTemplate\":\"https:\/\/bgsteam.edu.vn\/?s={search_term_string}\"},\"query-input\":{\"@type\":\"PropertyValueSpecification\",\"valueRequired\":true,\"valueName\":\"search_term_string\"}}],\"inLanguage\":\"vi\"}]}<\/script>\n<!-- \/ Yoast SEO plugin. -->","yoast_head_json":{"title":"World Robot Contest 2025 (WRC) - C\u00f4ng ty TNHH ph\u00e1t tri\u1ec3n c\u00f4ng ngh\u1ec7 gi\u00e1o d\u1ee5c BG STEAM","robots":{"index":"index","follow":"follow","max-snippet":"max-snippet:-1","max-image-preview":"max-image-preview:large","max-video-preview":"max-video-preview:-1"},"canonical":"https:\/\/bgsteam.edu.vn\/?page_id=1002","og_locale":"vi_VN","og_type":"article","og_title":"World Robot Contest 2025 (WRC) - C\u00f4ng ty TNHH ph\u00e1t tri\u1ec3n c\u00f4ng ngh\u1ec7 gi\u00e1o d\u1ee5c BG STEAM","og_url":"https:\/\/bgsteam.edu.vn\/?page_id=1002","og_site_name":"C\u00f4ng ty TNHH ph\u00e1t tri\u1ec3n c\u00f4ng ngh\u1ec7 gi\u00e1o d\u1ee5c BG STEAM","article_publisher":"https:\/\/www.facebook.com\/HeSinhThaiGiaoDucBGSTEAM","article_modified_time":"2025-05-22T08:46:55+00:00","og_image":[{"url":"http:\/\/bgstaem.edu.vn\/wp-content\/uploads\/2025\/05\/robot-3.png","type":"","width":"","height":""}],"twitter_card":"summary_large_image","schema":{"@context":"https:\/\/schema.org","@graph":[{"@type":"WebPage","@id":"https:\/\/bgsteam.edu.vn\/?page_id=1002","url":"https:\/\/bgsteam.edu.vn\/?page_id=1002","name":"World Robot Contest 2025 (WRC) - C\u00f4ng ty TNHH ph\u00e1t tri\u1ec3n c\u00f4ng ngh\u1ec7 gi\u00e1o d\u1ee5c BG STEAM","isPartOf":{"@id":"https:\/\/bgsteam.edu.vn\/#website"},"primaryImageOfPage":{"@id":"https:\/\/bgsteam.edu.vn\/?page_id=1002#primaryimage"},"image":{"@id":"https:\/\/bgsteam.edu.vn\/?page_id=1002#primaryimage"},"thumbnailUrl":"http:\/\/bgstaem.edu.vn\/wp-content\/uploads\/2025\/05\/robot-3.png","datePublished":"2025-05-22T06:43:48+00:00","dateModified":"2025-05-22T08:46:55+00:00","breadcrumb":{"@id":"https:\/\/bgsteam.edu.vn\/?page_id=1002#breadcrumb"},"inLanguage":"vi","potentialAction":[{"@type":"ReadAction","target":["https:\/\/bgsteam.edu.vn\/?page_id=1002"]}]},{"@type":"ImageObject","inLanguage":"vi","@id":"https:\/\/bgsteam.edu.vn\/?page_id=1002#primaryimage","url":"http:\/\/bgstaem.edu.vn\/wp-content\/uploads\/2025\/05\/robot-3.png","contentUrl":"http:\/\/bgstaem.edu.vn\/wp-content\/uploads\/2025\/05\/robot-3.png"},{"@type":"BreadcrumbList","@id":"https:\/\/bgsteam.edu.vn\/?page_id=1002#breadcrumb","itemListElement":[{"@type":"ListItem","position":1,"name":"Trang ch\u1ee7","item":"https:\/\/bgsteam.edu.vn\/"},{"@type":"ListItem","position":2,"name":"World Robot Contest 2025 (WRC)"}]},{"@type":"WebSite","@id":"https:\/\/bgsteam.edu.vn\/#website","url":"https:\/\/bgsteam.edu.vn\/","name":"C\u00f4ng ty TNHH ph\u00e1t tri\u1ec3n c\u00f4ng ngh\u1ec7 gi\u00e1o d\u1ee5c BG STEAM","description":"","potentialAction":[{"@type":"SearchAction","target":{"@type":"EntryPoint","urlTemplate":"https:\/\/bgsteam.edu.vn\/?s={search_term_string}"},"query-input":{"@type":"PropertyValueSpecification","valueRequired":true,"valueName":"search_term_string"}}],"inLanguage":"vi"}]}},"_links":{"self":[{"href":"https:\/\/bgsteam.edu.vn\/index.php?rest_route=\/wp\/v2\/pages\/1002","targetHints":{"allow":["GET"]}}],"collection":[{"href":"https:\/\/bgsteam.edu.vn\/index.php?rest_route=\/wp\/v2\/pages"}],"about":[{"href":"https:\/\/bgsteam.edu.vn\/index.php?rest_route=\/wp\/v2\/types\/page"}],"author":[{"embeddable":true,"href":"https:\/\/bgsteam.edu.vn\/index.php?rest_route=\/wp\/v2\/users\/1"}],"replies":[{"embeddable":true,"href":"https:\/\/bgsteam.edu.vn\/index.php?rest_route=%2Fwp%2Fv2%2Fcomments&post=1002"}],"version-history":[{"count":17,"href":"https:\/\/bgsteam.edu.vn\/index.php?rest_route=\/wp\/v2\/pages\/1002\/revisions"}],"predecessor-version":[{"id":1047,"href":"https:\/\/bgsteam.edu.vn\/index.php?rest_route=\/wp\/v2\/pages\/1002\/revisions\/1047"}],"wp:attachment":[{"href":"https:\/\/bgsteam.edu.vn\/index.php?rest_route=%2Fwp%2Fv2%2Fmedia&parent=1002"}],"curies":[{"name":"wp","href":"https:\/\/api.w.org\/{rel}","templated":true}]}}